{"id":3619,"date":"2017-10-20T12:57:01","date_gmt":"2017-10-20T11:57:01","guid":{"rendered":"http:\/\/entrelapoireetlefromage.com\/blog\/?page_id=3619"},"modified":"2026-03-05T10:34:03","modified_gmt":"2026-03-05T09:34:03","slug":"partenariat","status":"publish","type":"page","link":"https:\/\/entrelapoireetlefromage.com\/blog\/index.php\/partenariat\/","title":{"rendered":"Collaborations"},"content":{"rendered":"\n<p class=\"has-text-align-center\">Blogueuse culinaire passionn\u00e9e, je cr\u00e9e des recettes gourmandes, accessibles et de saison, pens\u00e9es pour inspirer une cuisine du quotidien, faite maison et consciente.<\/p>\n\n\n\n<p class=\"has-text-align-center\">\u00c0 travers mon blog (9 000 visites mensuelles) et mon compte Instagram, je partage des contenus authentiques qui mettent en valeur les produits, les savoir\u2011faire et les marques engag\u00e9es.<\/p>\n\n\n\n<div class=\"wp-block-media-text is-stacked-on-mobile\" style=\"grid-template-columns:45% auto\"><figure class=\"wp-block-media-text__media\"><img loading=\"lazy\" decoding=\"async\" width=\"1707\" height=\"2560\" src=\"https:\/\/entrelapoireetlefromage.com\/blog\/wp-content\/uploads\/2025\/12\/Riz-Gluant-au-Lait-de-Coco-Mangue-Insta-3-scaled.jpg\" alt=\"\" class=\"wp-image-15258 size-full\" srcset=\"https:\/\/entrelapoireetlefromage.com\/blog\/wp-content\/uploads\/2025\/12\/Riz-Gluant-au-Lait-de-Coco-Mangue-Insta-3-scaled.jpg 1707w, https:\/\/entrelapoireetlefromage.com\/blog\/wp-content\/uploads\/2025\/12\/Riz-Gluant-au-Lait-de-Coco-Mangue-Insta-3-200x300.jpg 200w, https:\/\/entrelapoireetlefromage.com\/blog\/wp-content\/uploads\/2025\/12\/Riz-Gluant-au-Lait-de-Coco-Mangue-Insta-3-768x1152.jpg 768w, https:\/\/entrelapoireetlefromage.com\/blog\/wp-content\/uploads\/2025\/12\/Riz-Gluant-au-Lait-de-Coco-Mangue-Insta-3-1024x1536.jpg 1024w, https:\/\/entrelapoireetlefromage.com\/blog\/wp-content\/uploads\/2025\/12\/Riz-Gluant-au-Lait-de-Coco-Mangue-Insta-3-1365x2048.jpg 1365w\" sizes=\"auto, (max-width: 1707px) 100vw, 1707px\" \/><\/figure><div class=\"wp-block-media-text__content\">\n<p class=\"has-text-align-center\"><strong>Pourquoi travailler avec moi ?<\/strong><\/p>\n\n\n\n<ul class=\"wp-block-list\">\n<li>Articles optimis\u00e9s SEO pour une visibilit\u00e9 durable<\/li>\n<\/ul>\n\n\n\n<ul class=\"wp-block-list\">\n<li><strong>9 000 visites par mois sur le blog<\/strong> (audience fid\u00e8le et qualifi\u00e9e)<\/li>\n<\/ul>\n\n\n\n<ul class=\"wp-block-list\">\n<li><strong>Communaut\u00e9 <a href=\"https:\/\/www.instagram.com\/entrelapoireetlefromageleblog\/?hl=fr\">Instagram<\/a> engag\u00e9e<\/strong> (+3 000 abonn\u00e9s)<\/li>\n<\/ul>\n\n\n\n<ul class=\"wp-block-list\">\n<li>Contenus culinaires soign\u00e9s, esth\u00e9tiques et p\u00e9dagogiques<\/li>\n<\/ul>\n\n\n\n<ul class=\"wp-block-list\">\n<li>Sensibilit\u00e9 forte aux valeurs : qualit\u00e9, saisonnalit\u00e9, bio, circuit court<\/li>\n<\/ul>\n<\/div><\/div>\n\n\n\n<blockquote class=\"wp-block-quote is-layout-flow wp-block-quote-is-layout-flow\">\n<p><\/p>\n\n\n\n<p><strong>Types de collaborations propos\u00e9es: <\/strong><\/p>\n<\/blockquote>\n\n\n\n<ul class=\"wp-block-list\">\n<li>Cr\u00e9ation de recettes mettant en avant vos produits<\/li>\n\n\n\n<li>Articles sponsoris\u00e9s sur le blog<\/li>\n\n\n\n<li>Publications Instagram (posts, reels, stories)<\/li>\n\n\n\n<li>Tests produits &amp; avis authentiques<\/li>\n\n\n\n<li>Affiliation<\/li>\n\n\n\n<li>Ambassadrice de marque<\/li>\n<\/ul>\n\n\n\n<p>Chaque partenariat est pens\u00e9 sur\u2011mesure, en coh\u00e9rence avec mon univers et les attentes de ma communaut\u00e9.<\/p>\n\n\n<div class=\"wp-block-image\">\n<figure class=\"aligncenter size-full is-resized\"><img loading=\"lazy\" decoding=\"async\" width=\"427\" height=\"640\" src=\"https:\/\/entrelapoireetlefromage.com\/blog\/wp-content\/uploads\/2025\/01\/Cheesecake-au-Chevre-Frais-au-Saumon-Fume-7.jpg\" alt=\"\" class=\"wp-image-12452\" style=\"width:356px;height:auto\" srcset=\"https:\/\/entrelapoireetlefromage.com\/blog\/wp-content\/uploads\/2025\/01\/Cheesecake-au-Chevre-Frais-au-Saumon-Fume-7.jpg 427w, https:\/\/entrelapoireetlefromage.com\/blog\/wp-content\/uploads\/2025\/01\/Cheesecake-au-Chevre-Frais-au-Saumon-Fume-7-200x300.jpg 200w\" sizes=\"auto, (max-width: 427px) 100vw, 427px\" \/><\/figure>\n<\/div>\n\n\n<p><\/p>\n\n\n\n<p class=\"has-text-align-left\"><strong>Ils m\u2019ont d\u00e9j\u00e0 fait confiance:<\/strong><\/p>\n\n\n\n<div class=\"wp-block-media-text is-stacked-on-mobile\" style=\"grid-template-columns:20% auto\"><figure class=\"wp-block-media-text__media\"><img loading=\"lazy\" decoding=\"async\" width=\"1275\" height=\"1145\" src=\"https:\/\/entrelapoireetlefromage.com\/blog\/wp-content\/uploads\/2025\/12\/LOGO_page-0001.jpg\" alt=\"\" class=\"wp-image-15249 size-full\" srcset=\"https:\/\/entrelapoireetlefromage.com\/blog\/wp-content\/uploads\/2025\/12\/LOGO_page-0001.jpg 1275w, https:\/\/entrelapoireetlefromage.com\/blog\/wp-content\/uploads\/2025\/12\/LOGO_page-0001-300x269.jpg 300w, https:\/\/entrelapoireetlefromage.com\/blog\/wp-content\/uploads\/2025\/12\/LOGO_page-0001-768x690.jpg 768w\" sizes=\"auto, (max-width: 1275px) 100vw, 1275px\" \/><\/figure><div class=\"wp-block-media-text__content\">\n<p>Voyagez en cuisinant est une invitation \u00e0 d\u00e9couvrir les saveurs du monde \u00e0 travers des recettes simples, g\u00e9n\u00e9reuses et accessibles. Chaque plat devient une escapade culinaire, m\u00ealant exotisme et cuisine du quotidien. Le projet est port\u00e9 par <strong>Traditional World Foods<\/strong>, entreprise fran\u00e7aise, familiale et ind\u00e9pendante, distributeur exclusif en France de produits du monde, engag\u00e9e dans une d\u00e9marche responsable et labellis\u00e9e <strong>PME+<\/strong>.<\/p>\n<\/div><\/div>\n\n\n\n<div class=\"wp-block-media-text is-stacked-on-mobile\" style=\"grid-template-columns:20% auto\"><figure class=\"wp-block-media-text__media\"><img loading=\"lazy\" decoding=\"async\" width=\"400\" height=\"251\" src=\"https:\/\/entrelapoireetlefromage.com\/blog\/wp-content\/uploads\/2022\/11\/Logo-Artisans-du-sel.jpeg\" alt=\"\" class=\"wp-image-10596 size-full\" srcset=\"https:\/\/entrelapoireetlefromage.com\/blog\/wp-content\/uploads\/2022\/11\/Logo-Artisans-du-sel.jpeg 400w, https:\/\/entrelapoireetlefromage.com\/blog\/wp-content\/uploads\/2022\/11\/Logo-Artisans-du-sel-300x188.jpeg 300w\" sizes=\"auto, (max-width: 400px) 100vw, 400px\" \/><\/figure><div class=\"wp-block-media-text__content\">\n<p>Entreprise artisanale fond\u00e9e par un paludier gu\u00e9randais, Les Artisans du Sel valorisent le m\u00e9tier de paludier et une production respectueuse de l\u2019environnement. Leurs sels, \u00e9pices, herbes et algues sont issus de l\u2019agriculture biologique et certifi\u00e9s <strong>Nature &amp; Progr\u00e8s<\/strong>.<\/p>\n<\/div><\/div>\n\n\n\n<div class=\"wp-block-media-text is-stacked-on-mobile\" style=\"grid-template-columns:20% auto\"><figure class=\"wp-block-media-text__media\"><img loading=\"lazy\" decoding=\"async\" width=\"426\" height=\"118\" src=\"https:\/\/entrelapoireetlefromage.com\/blog\/wp-content\/uploads\/2020\/11\/Alancienne.png\" alt=\"\" class=\"wp-image-7193 size-full\" srcset=\"https:\/\/entrelapoireetlefromage.com\/blog\/wp-content\/uploads\/2020\/11\/Alancienne.png 426w, https:\/\/entrelapoireetlefromage.com\/blog\/wp-content\/uploads\/2020\/11\/Alancienne-300x83.png 300w\" sizes=\"auto, (max-width: 426px) 100vw, 426px\" \/><\/figure><div class=\"wp-block-media-text__content\">\n<p>Service de livraison de produits frais, bio et locaux en circuit court. Une d\u00e9marche \u00e9coresponsable forte : produits cueillis sur commande, emballages consign\u00e9s et livraisons en scooter \u00e9lectrique.<\/p>\n<\/div><\/div>\n\n\n\n<div class=\"wp-block-media-text is-stacked-on-mobile\" style=\"grid-template-columns:20% auto\"><figure class=\"wp-block-media-text__media\"><img loading=\"lazy\" decoding=\"async\" width=\"186\" height=\"155\" src=\"https:\/\/entrelapoireetlefromage.com\/blog\/wp-content\/uploads\/2020\/09\/logo-rians.png\" alt=\"\" class=\"wp-image-6890 size-full\"\/><\/figure><div class=\"wp-block-media-text__content\">\n<p>Laiterie familiale depuis 1901, proposant des produits laitiers et fromagers respectueux des traditions et des producteurs locaux. Connue notamment pour sa gamme de desserts, dont la c\u00e9l\u00e8bre cr\u00e8me br\u00fbl\u00e9e \u00e0 caram\u00e9liser.<\/p>\n<\/div><\/div>\n\n\n\n<div class=\"wp-block-media-text is-stacked-on-mobile\" style=\"grid-template-columns:20% auto\"><figure class=\"wp-block-media-text__media\"><img loading=\"lazy\" decoding=\"async\" width=\"380\" height=\"325\" src=\"https:\/\/entrelapoireetlefromage.com\/blog\/wp-content\/uploads\/2017\/10\/Completement-Toque-de-Cuisine-AZ.jpg\" alt=\"\" class=\"wp-image-12012 size-full\" srcset=\"https:\/\/entrelapoireetlefromage.com\/blog\/wp-content\/uploads\/2017\/10\/Completement-Toque-de-Cuisine-AZ.jpg 380w, https:\/\/entrelapoireetlefromage.com\/blog\/wp-content\/uploads\/2017\/10\/Completement-Toque-de-Cuisine-AZ-300x257.jpg 300w\" sizes=\"auto, (max-width: 380px) 100vw, 380px\" \/><\/figure><div class=\"wp-block-media-text__content\">\n<p>Ambassadrice CuisineAZ au sein du collectif <strong>Les Toqu\u00e9s<\/strong>, r\u00e9unissant des passionn\u00e9s de cuisine autour de challenges culinaires et de contenus inspirants.<\/p>\n<\/div><\/div>\n\n\n\n<div class=\"wp-block-media-text is-stacked-on-mobile\" style=\"grid-template-columns:20% auto\"><figure class=\"wp-block-media-text__media\"><img loading=\"lazy\" decoding=\"async\" width=\"620\" height=\"327\" src=\"https:\/\/entrelapoireetlefromage.com\/blog\/wp-content\/uploads\/2017\/10\/Natura-Sense.jpeg\" alt=\"\" class=\"wp-image-4551 size-full\" srcset=\"https:\/\/entrelapoireetlefromage.com\/blog\/wp-content\/uploads\/2017\/10\/Natura-Sense.jpeg 620w, https:\/\/entrelapoireetlefromage.com\/blog\/wp-content\/uploads\/2017\/10\/Natura-Sense-300x158.jpeg 300w\" sizes=\"auto, (max-width: 620px) 100vw, 620px\" \/><\/figure><div class=\"wp-block-media-text__content\">\n<p>Site sp\u00e9cialis\u00e9 dans la cuisine saine proposant extracteurs de jus, d\u00e9shydrateurs, germoirs, livres et contenus \u00e9ducatifs autour de l\u2019alimentation healthy.<\/p>\n<\/div><\/div>\n\n\n\n<p class=\"has-small-font-size\"><\/p>\n\n\n\n<p><\/p>\n\n\n\n<p class=\"has-text-align-center\"><strong>Vous souhaitez collaborer ?<\/strong><\/p>\n\n\n\n<p class=\"has-text-align-center\">Je serais ravie d\u2019\u00e9changer avec vous sur vos projets.<\/p>\n\n\n\n<p class=\"has-text-align-center\"><strong>Contact<\/strong> : entrelapoireetlefromage.leblog@gmail.com<\/p>\n\n\n\n<p class=\"has-text-align-center\">Media kit disponible sur demande<\/p>\n\n\n\n<p class=\"has-text-align-center\"><\/p>\n\n\n\n<p><em>Transparence : conform\u00e9ment \u00e0 la l\u00e9gislation en vigueur, toute collaboration commerciale fait l\u2019objet d\u2019une mention claire aupr\u00e8s de ma communaut\u00e9.<\/em><\/p>\n","protected":false},"excerpt":{"rendered":"<p>Blogueuse culinaire passionn\u00e9e, je cr\u00e9e des recettes gourmandes, accessibles et de saison, pens\u00e9es pour inspirer une cuisine du quotidien, faite maison et consciente. \u00c0 travers &hellip; <\/p>\n","protected":false},"author":1,"featured_media":0,"parent":0,"menu_order":0,"comment_status":"closed","ping_status":"closed","template":"","meta":{"_exactmetrics_skip_tracking":false,"_exactmetrics_sitenote_active":false,"_exactmetrics_sitenote_note":"","_exactmetrics_sitenote_category":0,"footnotes":""},"class_list":["post-3619","page","type-page","status-publish","hentry"],"_links":{"self":[{"href":"https:\/\/entrelapoireetlefromage.com\/blog\/index.php\/wp-json\/wp\/v2\/pages\/3619","targetHints":{"allow":["GET"]}}],"collection":[{"href":"https:\/\/entrelapoireetlefromage.com\/blog\/index.php\/wp-json\/wp\/v2\/pages"}],"about":[{"href":"https:\/\/entrelapoireetlefromage.com\/blog\/index.php\/wp-json\/wp\/v2\/types\/page"}],"author":[{"embeddable":true,"href":"https:\/\/entrelapoireetlefromage.com\/blog\/index.php\/wp-json\/wp\/v2\/users\/1"}],"replies":[{"embeddable":true,"href":"https:\/\/entrelapoireetlefromage.com\/blog\/index.php\/wp-json\/wp\/v2\/comments?post=3619"}],"version-history":[{"count":46,"href":"https:\/\/entrelapoireetlefromage.com\/blog\/index.php\/wp-json\/wp\/v2\/pages\/3619\/revisions"}],"predecessor-version":[{"id":16590,"href":"https:\/\/entrelapoireetlefromage.com\/blog\/index.php\/wp-json\/wp\/v2\/pages\/3619\/revisions\/16590"}],"wp:attachment":[{"href":"https:\/\/entrelapoireetlefromage.com\/blog\/index.php\/wp-json\/wp\/v2\/media?parent=3619"}],"curies":[{"name":"wp","href":"https:\/\/api.w.org\/{rel}","templated":true}]}}